{"id":7238,"date":"2022-04-27T20:55:45","date_gmt":"2022-04-27T18:55:45","guid":{"rendered":"https:\/\/www.helgaseewann.de\/contact\/"},"modified":"2023-10-23T18:04:54","modified_gmt":"2023-10-23T16:04:54","slug":"contact","status":"publish","type":"page","link":"https:\/\/www.helgaseewann.de\/en\/contact\/","title":{"rendered":"Contact"},"content":{"rendered":"\t\t<div data-elementor-type=\"wp-page\" data-elementor-id=\"7238\" class=\"elementor elementor-7238 elementor-2343\" data-elementor-post-type=\"page\">\n\t\t\t\t\t\t\t\t\t<section class=\"elementor-section elementor-top-section elementor-element elementor-element-e81a984 elementor-section-boxed elementor-section-height-default elementor-section-height-default\" data-id=\"e81a984\" data-element_type=\"section\" data-settings=\"{&quot;_ha_eqh_enable&quot;:false}\">\n\t\t\t\t\t\t<div class=\"elementor-container elementor-column-gap-default\">\n\t\t\t\t\t<div class=\"elementor-column elementor-col-100 elementor-top-column elementor-element elementor-element-1d2ab5a\" data-id=\"1d2ab5a\" data-element_type=\"column\">\n\t\t\t<div class=\"elementor-widget-wrap elementor-element-populated\">\n\t\t\t\t\t\t\t\t<section class=\"elementor-section elementor-inner-section elementor-element elementor-element-4e49006 elementor-section-boxed elementor-section-height-default elementor-section-height-default\" data-id=\"4e49006\" data-element_type=\"section\" data-settings=\"{&quot;_ha_eqh_enable&quot;:false}\">\n\t\t\t\t\t\t<div class=\"elementor-container elementor-column-gap-default\">\n\t\t\t\t\t<div class=\"elementor-column elementor-col-50 elementor-inner-column elementor-element elementor-element-7c040cb\" data-id=\"7c040cb\" data-element_type=\"column\">\n\t\t\t<div class=\"elementor-widget-wrap elementor-element-populated\">\n\t\t\t\t\t\t\t\t<div class=\"elementor-element elementor-element-04a8ac0 elementor-widget elementor-widget-text-editor\" data-id=\"04a8ac0\" data-element_type=\"widget\" data-widget_type=\"text-editor.default\">\n\t\t\t\t<div class=\"elementor-widget-container\">\n\t\t\t<style>\/*! elementor - v3.18.0 - 20-12-2023 *\/\n.elementor-widget-text-editor.elementor-drop-cap-view-stacked .elementor-drop-cap{background-color:#69727d;color:#fff}.elementor-widget-text-editor.elementor-drop-cap-view-framed .elementor-drop-cap{color:#69727d;border:3px solid;background-color:transparent}.elementor-widget-text-editor:not(.elementor-drop-cap-view-default) .elementor-drop-cap{margin-top:8px}.elementor-widget-text-editor:not(.elementor-drop-cap-view-default) .elementor-drop-cap-letter{width:1em;height:1em}.elementor-widget-text-editor .elementor-drop-cap{float:left;text-align:center;line-height:1;font-size:50px}.elementor-widget-text-editor .elementor-drop-cap-letter{display:inline-block}<\/style>\t\t\t\t<p><strong>Helga Seewann<\/strong><br \/>Bodywork <br \/>Dance<\/p>\t\t\t\t\t\t<\/div>\n\t\t\t\t<\/div>\n\t\t\t\t\t<\/div>\n\t\t<\/div>\n\t\t\t\t<div class=\"elementor-column elementor-col-50 elementor-inner-column elementor-element elementor-element-7422054\" data-id=\"7422054\" data-element_type=\"column\">\n\t\t\t<div class=\"elementor-widget-wrap elementor-element-populated\">\n\t\t\t\t\t\t\t\t<div class=\"elementor-element elementor-element-1eccf8f elementor-widget elementor-widget-text-editor\" data-id=\"1eccf8f\" data-element_type=\"widget\" data-widget_type=\"text-editor.default\">\n\t\t\t\t<div class=\"elementor-widget-container\">\n\t\t\t\t\t\t\t<p><strong>Studio\/Newsletter registration<\/strong><br \/>post[at]helgaseewann.de<br \/>phone 089\/272 49 06<br \/>Isabellastra\u00dfe 13 \u00b7 80798 Munich<\/p>\t\t\t\t\t\t<\/div>\n\t\t\t\t<\/div>\n\t\t\t\t\t<\/div>\n\t\t<\/div>\n\t\t\t\t\t\t\t<\/div>\n\t\t<\/section>\n\t\t\t\t\t<\/div>\n\t\t<\/div>\n\t\t\t\t\t\t\t<\/div>\n\t\t<\/section>\n\t\t\t\t\t\t\t<\/div>\n\t\t","protected":false},"excerpt":{"rendered":"<p>Helga SeewannBodywork Dance Studio\/Newsletter registrationpost[at]helgaseewann.dephone 089\/272 49 06Isabellastra\u00dfe 13 \u00b7 80798 Munich<\/p>\n","protected":false},"author":1,"featured_media":0,"parent":0,"menu_order":0,"comment_status":"closed","ping_status":"closed","template":"","meta":{"footnotes":""},"class_list":["post-7238","page","type-page","status-publish","hentry"],"yoast_head":"<!-- This site is optimized with the Yoast SEO plugin v27.4 - https:\/\/yoast.com\/product\/yoast-seo-wordpress\/ -->\n<title>Contact - Helga Seewann<\/title>\n<meta name=\"description\" content=\"Seewann offers the possibility to get in touch with her and to register for courses, for example via a newsletter.\" \/>\n<meta name=\"robots\" content=\"index, follow, max-snippet:-1, max-image-preview:large, max-video-preview:-1\" \/>\n<link rel=\"canonical\" href=\"https:\/\/www.helgaseewann.de\/en\/contact\/\" \/>\n<meta property=\"og:locale\" content=\"en_US\" \/>\n<meta property=\"og:type\" content=\"article\" \/>\n<meta property=\"og:title\" content=\"Contact - Helga Seewann\" \/>\n<meta property=\"og:description\" content=\"Seewann offers the possibility to get in touch with her and to register for courses, for example via a newsletter.\" \/>\n<meta property=\"og:url\" content=\"https:\/\/www.helgaseewann.de\/en\/contact\/\" \/>\n<meta property=\"og:site_name\" content=\"Helga Seewann\" \/>\n<meta property=\"article:modified_time\" content=\"2023-10-23T16:04:54+00:00\" \/>\n<meta name=\"twitter:card\" content=\"summary_large_image\" \/>\n<script type=\"application\/ld+json\" class=\"yoast-schema-graph\">{\"@context\":\"https:\\\/\\\/schema.org\",\"@graph\":[{\"@type\":\"WebPage\",\"@id\":\"https:\\\/\\\/www.helgaseewann.de\\\/en\\\/contact\\\/\",\"url\":\"https:\\\/\\\/www.helgaseewann.de\\\/en\\\/contact\\\/\",\"name\":\"Contact - Helga Seewann\",\"isPartOf\":{\"@id\":\"https:\\\/\\\/www.helgaseewann.de\\\/#website\"},\"datePublished\":\"2022-04-27T18:55:45+00:00\",\"dateModified\":\"2023-10-23T16:04:54+00:00\",\"description\":\"Seewann offers the possibility to get in touch with her and to register for courses, for example via a newsletter.\",\"breadcrumb\":{\"@id\":\"https:\\\/\\\/www.helgaseewann.de\\\/en\\\/contact\\\/#breadcrumb\"},\"inLanguage\":\"en-US\",\"potentialAction\":[{\"@type\":\"ReadAction\",\"target\":[\"https:\\\/\\\/www.helgaseewann.de\\\/en\\\/contact\\\/\"]}]},{\"@type\":\"BreadcrumbList\",\"@id\":\"https:\\\/\\\/www.helgaseewann.de\\\/en\\\/contact\\\/#breadcrumb\",\"itemListElement\":[{\"@type\":\"ListItem\",\"position\":1,\"name\":\"Startseite\",\"item\":\"https:\\\/\\\/www.helgaseewann.de\\\/en\\\/\"},{\"@type\":\"ListItem\",\"position\":2,\"name\":\"Contact\"}]},{\"@type\":\"WebSite\",\"@id\":\"https:\\\/\\\/www.helgaseewann.de\\\/#website\",\"url\":\"https:\\\/\\\/www.helgaseewann.de\\\/\",\"name\":\"Helga Seewann\",\"description\":\"Internetauftritt der zeitgen\u00f6ssischen T\u00e4nzerin, Trauer- und Gedenkt\u00e4nzerin und Choreografin\",\"publisher\":{\"@id\":\"https:\\\/\\\/www.helgaseewann.de\\\/#organization\"},\"potentialAction\":[{\"@type\":\"SearchAction\",\"target\":{\"@type\":\"EntryPoint\",\"urlTemplate\":\"https:\\\/\\\/www.helgaseewann.de\\\/?s={search_term_string}\"},\"query-input\":{\"@type\":\"PropertyValueSpecification\",\"valueRequired\":true,\"valueName\":\"search_term_string\"}}],\"inLanguage\":\"en-US\"},{\"@type\":\"Organization\",\"@id\":\"https:\\\/\\\/www.helgaseewann.de\\\/#organization\",\"name\":\"Helga Seewann \u2013 K\u00f6rperarbeit, Tanz\",\"url\":\"https:\\\/\\\/www.helgaseewann.de\\\/\",\"logo\":{\"@type\":\"ImageObject\",\"inLanguage\":\"en-US\",\"@id\":\"https:\\\/\\\/www.helgaseewann.de\\\/#\\\/schema\\\/logo\\\/image\\\/\",\"url\":\"https:\\\/\\\/www.helgaseewann.de\\\/wp-content\\\/uploads\\\/2022\\\/06\\\/helga-seewann-logo-scaled.jpg\",\"contentUrl\":\"https:\\\/\\\/www.helgaseewann.de\\\/wp-content\\\/uploads\\\/2022\\\/06\\\/helga-seewann-logo-scaled.jpg\",\"width\":2560,\"height\":1533,\"caption\":\"Helga Seewann \u2013 K\u00f6rperarbeit, Tanz\"},\"image\":{\"@id\":\"https:\\\/\\\/www.helgaseewann.de\\\/#\\\/schema\\\/logo\\\/image\\\/\"}}]}<\/script>\n<!-- \/ Yoast SEO plugin. -->","yoast_head_json":{"title":"Contact - Helga Seewann","description":"Seewann offers the possibility to get in touch with her and to register for courses, for example via a newsletter.","robots":{"index":"index","follow":"follow","max-snippet":"max-snippet:-1","max-image-preview":"max-image-preview:large","max-video-preview":"max-video-preview:-1"},"canonical":"https:\/\/www.helgaseewann.de\/en\/contact\/","og_locale":"en_US","og_type":"article","og_title":"Contact - Helga Seewann","og_description":"Seewann offers the possibility to get in touch with her and to register for courses, for example via a newsletter.","og_url":"https:\/\/www.helgaseewann.de\/en\/contact\/","og_site_name":"Helga Seewann","article_modified_time":"2023-10-23T16:04:54+00:00","twitter_card":"summary_large_image","schema":{"@context":"https:\/\/schema.org","@graph":[{"@type":"WebPage","@id":"https:\/\/www.helgaseewann.de\/en\/contact\/","url":"https:\/\/www.helgaseewann.de\/en\/contact\/","name":"Contact - Helga Seewann","isPartOf":{"@id":"https:\/\/www.helgaseewann.de\/#website"},"datePublished":"2022-04-27T18:55:45+00:00","dateModified":"2023-10-23T16:04:54+00:00","description":"Seewann offers the possibility to get in touch with her and to register for courses, for example via a newsletter.","breadcrumb":{"@id":"https:\/\/www.helgaseewann.de\/en\/contact\/#breadcrumb"},"inLanguage":"en-US","potentialAction":[{"@type":"ReadAction","target":["https:\/\/www.helgaseewann.de\/en\/contact\/"]}]},{"@type":"BreadcrumbList","@id":"https:\/\/www.helgaseewann.de\/en\/contact\/#breadcrumb","itemListElement":[{"@type":"ListItem","position":1,"name":"Startseite","item":"https:\/\/www.helgaseewann.de\/en\/"},{"@type":"ListItem","position":2,"name":"Contact"}]},{"@type":"WebSite","@id":"https:\/\/www.helgaseewann.de\/#website","url":"https:\/\/www.helgaseewann.de\/","name":"Helga Seewann","description":"Internetauftritt der zeitgen\u00f6ssischen T\u00e4nzerin, Trauer- und Gedenkt\u00e4nzerin und Choreografin","publisher":{"@id":"https:\/\/www.helgaseewann.de\/#organization"},"potentialAction":[{"@type":"SearchAction","target":{"@type":"EntryPoint","urlTemplate":"https:\/\/www.helgaseewann.de\/?s={search_term_string}"},"query-input":{"@type":"PropertyValueSpecification","valueRequired":true,"valueName":"search_term_string"}}],"inLanguage":"en-US"},{"@type":"Organization","@id":"https:\/\/www.helgaseewann.de\/#organization","name":"Helga Seewann \u2013 K\u00f6rperarbeit, Tanz","url":"https:\/\/www.helgaseewann.de\/","logo":{"@type":"ImageObject","inLanguage":"en-US","@id":"https:\/\/www.helgaseewann.de\/#\/schema\/logo\/image\/","url":"https:\/\/www.helgaseewann.de\/wp-content\/uploads\/2022\/06\/helga-seewann-logo-scaled.jpg","contentUrl":"https:\/\/www.helgaseewann.de\/wp-content\/uploads\/2022\/06\/helga-seewann-logo-scaled.jpg","width":2560,"height":1533,"caption":"Helga Seewann \u2013 K\u00f6rperarbeit, Tanz"},"image":{"@id":"https:\/\/www.helgaseewann.de\/#\/schema\/logo\/image\/"}}]}},"_links":{"self":[{"href":"https:\/\/www.helgaseewann.de\/en\/wp-json\/wp\/v2\/pages\/7238","targetHints":{"allow":["GET"]}}],"collection":[{"href":"https:\/\/www.helgaseewann.de\/en\/wp-json\/wp\/v2\/pages"}],"about":[{"href":"https:\/\/www.helgaseewann.de\/en\/wp-json\/wp\/v2\/types\/page"}],"author":[{"embeddable":true,"href":"https:\/\/www.helgaseewann.de\/en\/wp-json\/wp\/v2\/users\/1"}],"replies":[{"embeddable":true,"href":"https:\/\/www.helgaseewann.de\/en\/wp-json\/wp\/v2\/comments?post=7238"}],"version-history":[{"count":10,"href":"https:\/\/www.helgaseewann.de\/en\/wp-json\/wp\/v2\/pages\/7238\/revisions"}],"predecessor-version":[{"id":8228,"href":"https:\/\/www.helgaseewann.de\/en\/wp-json\/wp\/v2\/pages\/7238\/revisions\/8228"}],"wp:attachment":[{"href":"https:\/\/www.helgaseewann.de\/en\/wp-json\/wp\/v2\/media?parent=7238"}],"curies":[{"name":"wp","href":"https:\/\/api.w.org\/{rel}","templated":true}]}}