{"id":7246,"date":"2022-05-05T18:22:55","date_gmt":"2022-05-05T16:22:55","guid":{"rendered":"https:\/\/www.helgaseewann.de\/imprint\/"},"modified":"2022-11-11T17:16:48","modified_gmt":"2022-11-11T16:16:48","slug":"imprint","status":"publish","type":"page","link":"https:\/\/www.helgaseewann.de\/en\/imprint\/","title":{"rendered":"Imprint"},"content":{"rendered":"\t\t<div data-elementor-type=\"wp-page\" data-elementor-id=\"7246\" class=\"elementor elementor-7246 elementor-3159\" data-elementor-post-type=\"page\">\n\t\t\t\t\t\t\t\t\t<section class=\"elementor-section elementor-top-section elementor-element elementor-element-508b20ea elementor-section-boxed elementor-section-height-default elementor-section-height-default\" data-id=\"508b20ea\" data-element_type=\"section\" data-settings=\"{&quot;_ha_eqh_enable&quot;:false}\">\n\t\t\t\t\t\t<div class=\"elementor-container elementor-column-gap-default\">\n\t\t\t\t\t<div class=\"elementor-column elementor-col-100 elementor-top-column elementor-element elementor-element-11518203\" data-id=\"11518203\" data-element_type=\"column\">\n\t\t\t<div class=\"elementor-widget-wrap elementor-element-populated\">\n\t\t\t\t\t\t\t\t<div class=\"elementor-element elementor-element-15467e04 elementor-widget elementor-widget-text-editor\" data-id=\"15467e04\" data-element_type=\"widget\" data-widget_type=\"text-editor.default\">\n\t\t\t\t<div class=\"elementor-widget-container\">\n\t\t\t<style>\/*! elementor - v3.18.0 - 20-12-2023 *\/\n.elementor-widget-text-editor.elementor-drop-cap-view-stacked .elementor-drop-cap{background-color:#69727d;color:#fff}.elementor-widget-text-editor.elementor-drop-cap-view-framed .elementor-drop-cap{color:#69727d;border:3px solid;background-color:transparent}.elementor-widget-text-editor:not(.elementor-drop-cap-view-default) .elementor-drop-cap{margin-top:8px}.elementor-widget-text-editor:not(.elementor-drop-cap-view-default) .elementor-drop-cap-letter{width:1em;height:1em}.elementor-widget-text-editor .elementor-drop-cap{float:left;text-align:center;line-height:1;font-size:50px}.elementor-widget-text-editor .elementor-drop-cap-letter{display:inline-block}<\/style>\t\t\t\t<p><strong>Information according <br \/>to \u00a7 5 TMG<\/strong><br \/>Studio Helga Seewann<br \/>Dance performer, mourning dancer<br \/>and teacher for bodywork <br \/>and dance:\u00a0Helga Seewann<\/p><p><strong>Postal address<\/strong><br \/>Helga Seewann<br \/>Isabellastra\u00dfe 13<br \/>80798 Munich<\/p><p><strong>Contact<\/strong><br \/>Phone: 089\/272 49 06<br \/>E-mail: post@helgaseewann.de<\/p><p><strong>The professional liability insurance<\/strong> <br \/><strong>has been taken out with<\/strong><br \/>Zurich Insurance plc Branch Office\u00a0<br \/>Florain Nussrainer \u2013 Igor Stankovic\u00a0<br \/>Marschallstra\u00dfe 4\u00a0<br \/>80802 Munich<\/p><p><strong>Scope of insurance cover<\/strong><br \/>Corporate insurance<\/p><p><strong>Notes on the website<\/strong><br \/>Copyright information, photos<br \/>Wolfgang Gebhard, Johannes Reihl and private archive<\/p><p><strong>Responsible for<\/strong><br \/><strong>for journalistic and editorial content is<\/strong><br \/>Helga Seewann<\/p><p><strong>Concept, design and programming<\/strong><br \/>Wolfgang Gebhard :Visual Communication<br \/>with the support of Matthias H\u00e4rlin, [Moto Intermedia].<\/p><p><strong>Information according to \u00a7 36 VSBG<\/strong><br \/><strong>In accordance with \u00a7 36 VSBG<\/strong> <br \/>(Consumer Dispute Settlement Act \u2013 Act on Alternative Dispute Resolution in Consumer Matters), <br \/>the operator of this website declares:<\/p><p>We are neither willing nor obliged to participate in dispute resolution proceedings before a consumer arbitration board.<\/p><p><strong>Disclaimer\u00a0<\/strong><br \/><strong>Liability for contents<\/strong><br \/>The contents of our website have been created with the utmost care. However, we cannot assume any liability for the correctness, completeness and up-to-dateness of the contents. As a service provider, we are responsible for our own content on these pages in accordance with general legislation pursuant to Section 7 (1) of the German Telemedia Act (TMG). However, according to \u00a7\u00a7 8 to 10 TMG, we are not obliged as a service provider to monitor transmitted or stored third-party information or to investigate circumstances that indicate illegal activity. Obligations to remove or block the use of information in accordance with general laws remain unaffected by this. However, liability in this regard is only possible from the point in time at which a concrete infringement of the law becomes known. If we become aware of any such infringements, we will remove the relevant content immediately.<\/p><p><strong>Liability for links<\/strong><br \/>Our website contains links to external websites of third parties over whose content we have no influence. Therefore, we cannot assume any liability for these external contents. The respective provider or operator of the pages is always responsible for the content of the linked pages. The linked pages were checked for possible legal violations at the time of linking. Illegal contents were not recognisable at the time of linking. However, permanent monitoring of the content of the linked pages is not reasonable without concrete indications of a legal violation. If we become aware of any infringements of the law, we will remove such links immediately.<\/p><p><strong>Copyright<\/strong><br \/>The contents and works created by the site operators on these pages are subject to German copyright law. Duplication, processing, distribution, or any form of commercialization of such material beyond the scope of the copyright law shall require the prior written consent of its respective author or creator. Downloads and copies of this site are only permitted for private, non-commercial use. Insofar as the content on this site was not created by the operator, the copyrights of third parties are respected. In particular, third-party content is marked as such. Should you nevertheless become aware of a copyright infringement, please inform us accordingly. If we become aware of any infringements, we will remove such content immediately.<\/p><p><em>The imprint was created with <a href=\"https:\/\/www.activemind.de\/datenschutz\/impressums-generator\/\">the imprint generator of activeMind AG.<\/a><\/em><\/p>\t\t\t\t\t\t<\/div>\n\t\t\t\t<\/div>\n\t\t\t\t\t<\/div>\n\t\t<\/div>\n\t\t\t\t\t\t\t<\/div>\n\t\t<\/section>\n\t\t\t\t\t\t\t<\/div>\n\t\t","protected":false},"excerpt":{"rendered":"<p>Information according to \u00a7 5 TMGStudio Helga SeewannDance performer, mourning dancerand teacher for bodywork and dance:\u00a0Helga Seewann Postal addressHelga SeewannIsabellastra\u00dfe 1380798 Munich ContactPhone: 089\/272 49 06E-mail: post@helgaseewann.de The professional liability insurance has been taken out withZurich Insurance plc Branch Office\u00a0Florain Nussrainer \u2013 Igor Stankovic\u00a0Marschallstra\u00dfe 4\u00a080802 Munich Scope of insurance coverCorporate insurance Notes on the websiteCopyright [&hellip;]<\/p>\n","protected":false},"author":1,"featured_media":0,"parent":0,"menu_order":0,"comment_status":"closed","ping_status":"open","template":"","meta":{"footnotes":""},"class_list":["post-7246","page","type-page","status-publish","hentry"],"yoast_head":"<!-- This site is optimized with the Yoast SEO plugin v27.4 - https:\/\/yoast.com\/product\/yoast-seo-wordpress\/ -->\n<title>Imprint - Helga Seewann<\/title>\n<meta name=\"description\" content=\"Studio Helga Seewann: dance performer, choreographer, mourning dancer and teacher of bodywork and dance.\" \/>\n<meta name=\"robots\" content=\"index, follow, max-snippet:-1, max-image-preview:large, max-video-preview:-1\" \/>\n<link rel=\"canonical\" href=\"https:\/\/www.helgaseewann.de\/impressum\/\" \/>\n<meta property=\"og:locale\" content=\"en_US\" \/>\n<meta property=\"og:type\" content=\"article\" \/>\n<meta property=\"og:title\" content=\"Imprint - Helga Seewann\" \/>\n<meta property=\"og:description\" content=\"Studio Helga Seewann: dance performer, choreographer, mourning dancer and teacher of bodywork and dance.\" \/>\n<meta property=\"og:url\" content=\"https:\/\/www.helgaseewann.de\/impressum\/\" \/>\n<meta property=\"og:site_name\" content=\"Helga Seewann\" \/>\n<meta property=\"article:modified_time\" content=\"2022-11-11T16:16:48+00:00\" \/>\n<meta name=\"twitter:card\" content=\"summary_large_image\" \/>\n<meta name=\"twitter:label1\" content=\"Est. reading time\" \/>\n\t<meta name=\"twitter:data1\" content=\"2 minutes\" \/>\n<script type=\"application\/ld+json\" class=\"yoast-schema-graph\">{\"@context\":\"https:\\\/\\\/schema.org\",\"@graph\":[{\"@type\":\"WebPage\",\"@id\":\"https:\\\/\\\/www.helgaseewann.de\\\/impressum\\\/\",\"url\":\"https:\\\/\\\/www.helgaseewann.de\\\/impressum\\\/\",\"name\":\"Imprint - Helga Seewann\",\"isPartOf\":{\"@id\":\"https:\\\/\\\/www.helgaseewann.de\\\/#website\"},\"datePublished\":\"2022-05-05T16:22:55+00:00\",\"dateModified\":\"2022-11-11T16:16:48+00:00\",\"description\":\"Studio Helga Seewann: dance performer, choreographer, mourning dancer and teacher of bodywork and dance.\",\"breadcrumb\":{\"@id\":\"https:\\\/\\\/www.helgaseewann.de\\\/impressum\\\/#breadcrumb\"},\"inLanguage\":\"en-US\",\"potentialAction\":[{\"@type\":\"ReadAction\",\"target\":[\"https:\\\/\\\/www.helgaseewann.de\\\/impressum\\\/\"]}]},{\"@type\":\"BreadcrumbList\",\"@id\":\"https:\\\/\\\/www.helgaseewann.de\\\/impressum\\\/#breadcrumb\",\"itemListElement\":[{\"@type\":\"ListItem\",\"position\":1,\"name\":\"Startseite\",\"item\":\"https:\\\/\\\/www.helgaseewann.de\\\/en\\\/\"},{\"@type\":\"ListItem\",\"position\":2,\"name\":\"Imprint\"}]},{\"@type\":\"WebSite\",\"@id\":\"https:\\\/\\\/www.helgaseewann.de\\\/#website\",\"url\":\"https:\\\/\\\/www.helgaseewann.de\\\/\",\"name\":\"Helga Seewann\",\"description\":\"Internetauftritt der zeitgen\u00f6ssischen T\u00e4nzerin, Trauer- und Gedenkt\u00e4nzerin und Choreografin\",\"publisher\":{\"@id\":\"https:\\\/\\\/www.helgaseewann.de\\\/#organization\"},\"potentialAction\":[{\"@type\":\"SearchAction\",\"target\":{\"@type\":\"EntryPoint\",\"urlTemplate\":\"https:\\\/\\\/www.helgaseewann.de\\\/?s={search_term_string}\"},\"query-input\":{\"@type\":\"PropertyValueSpecification\",\"valueRequired\":true,\"valueName\":\"search_term_string\"}}],\"inLanguage\":\"en-US\"},{\"@type\":\"Organization\",\"@id\":\"https:\\\/\\\/www.helgaseewann.de\\\/#organization\",\"name\":\"Helga Seewann \u2013 K\u00f6rperarbeit, Tanz\",\"url\":\"https:\\\/\\\/www.helgaseewann.de\\\/\",\"logo\":{\"@type\":\"ImageObject\",\"inLanguage\":\"en-US\",\"@id\":\"https:\\\/\\\/www.helgaseewann.de\\\/#\\\/schema\\\/logo\\\/image\\\/\",\"url\":\"https:\\\/\\\/www.helgaseewann.de\\\/wp-content\\\/uploads\\\/2022\\\/06\\\/helga-seewann-logo-scaled.jpg\",\"contentUrl\":\"https:\\\/\\\/www.helgaseewann.de\\\/wp-content\\\/uploads\\\/2022\\\/06\\\/helga-seewann-logo-scaled.jpg\",\"width\":2560,\"height\":1533,\"caption\":\"Helga Seewann \u2013 K\u00f6rperarbeit, Tanz\"},\"image\":{\"@id\":\"https:\\\/\\\/www.helgaseewann.de\\\/#\\\/schema\\\/logo\\\/image\\\/\"}}]}<\/script>\n<!-- \/ Yoast SEO plugin. -->","yoast_head_json":{"title":"Imprint - Helga Seewann","description":"Studio Helga Seewann: dance performer, choreographer, mourning dancer and teacher of bodywork and dance.","robots":{"index":"index","follow":"follow","max-snippet":"max-snippet:-1","max-image-preview":"max-image-preview:large","max-video-preview":"max-video-preview:-1"},"canonical":"https:\/\/www.helgaseewann.de\/impressum\/","og_locale":"en_US","og_type":"article","og_title":"Imprint - Helga Seewann","og_description":"Studio Helga Seewann: dance performer, choreographer, mourning dancer and teacher of bodywork and dance.","og_url":"https:\/\/www.helgaseewann.de\/impressum\/","og_site_name":"Helga Seewann","article_modified_time":"2022-11-11T16:16:48+00:00","twitter_card":"summary_large_image","twitter_misc":{"Est. reading time":"2 minutes"},"schema":{"@context":"https:\/\/schema.org","@graph":[{"@type":"WebPage","@id":"https:\/\/www.helgaseewann.de\/impressum\/","url":"https:\/\/www.helgaseewann.de\/impressum\/","name":"Imprint - Helga Seewann","isPartOf":{"@id":"https:\/\/www.helgaseewann.de\/#website"},"datePublished":"2022-05-05T16:22:55+00:00","dateModified":"2022-11-11T16:16:48+00:00","description":"Studio Helga Seewann: dance performer, choreographer, mourning dancer and teacher of bodywork and dance.","breadcrumb":{"@id":"https:\/\/www.helgaseewann.de\/impressum\/#breadcrumb"},"inLanguage":"en-US","potentialAction":[{"@type":"ReadAction","target":["https:\/\/www.helgaseewann.de\/impressum\/"]}]},{"@type":"BreadcrumbList","@id":"https:\/\/www.helgaseewann.de\/impressum\/#breadcrumb","itemListElement":[{"@type":"ListItem","position":1,"name":"Startseite","item":"https:\/\/www.helgaseewann.de\/en\/"},{"@type":"ListItem","position":2,"name":"Imprint"}]},{"@type":"WebSite","@id":"https:\/\/www.helgaseewann.de\/#website","url":"https:\/\/www.helgaseewann.de\/","name":"Helga Seewann","description":"Internetauftritt der zeitgen\u00f6ssischen T\u00e4nzerin, Trauer- und Gedenkt\u00e4nzerin und Choreografin","publisher":{"@id":"https:\/\/www.helgaseewann.de\/#organization"},"potentialAction":[{"@type":"SearchAction","target":{"@type":"EntryPoint","urlTemplate":"https:\/\/www.helgaseewann.de\/?s={search_term_string}"},"query-input":{"@type":"PropertyValueSpecification","valueRequired":true,"valueName":"search_term_string"}}],"inLanguage":"en-US"},{"@type":"Organization","@id":"https:\/\/www.helgaseewann.de\/#organization","name":"Helga Seewann \u2013 K\u00f6rperarbeit, Tanz","url":"https:\/\/www.helgaseewann.de\/","logo":{"@type":"ImageObject","inLanguage":"en-US","@id":"https:\/\/www.helgaseewann.de\/#\/schema\/logo\/image\/","url":"https:\/\/www.helgaseewann.de\/wp-content\/uploads\/2022\/06\/helga-seewann-logo-scaled.jpg","contentUrl":"https:\/\/www.helgaseewann.de\/wp-content\/uploads\/2022\/06\/helga-seewann-logo-scaled.jpg","width":2560,"height":1533,"caption":"Helga Seewann \u2013 K\u00f6rperarbeit, Tanz"},"image":{"@id":"https:\/\/www.helgaseewann.de\/#\/schema\/logo\/image\/"}}]}},"_links":{"self":[{"href":"https:\/\/www.helgaseewann.de\/en\/wp-json\/wp\/v2\/pages\/7246","targetHints":{"allow":["GET"]}}],"collection":[{"href":"https:\/\/www.helgaseewann.de\/en\/wp-json\/wp\/v2\/pages"}],"about":[{"href":"https:\/\/www.helgaseewann.de\/en\/wp-json\/wp\/v2\/types\/page"}],"author":[{"embeddable":true,"href":"https:\/\/www.helgaseewann.de\/en\/wp-json\/wp\/v2\/users\/1"}],"replies":[{"embeddable":true,"href":"https:\/\/www.helgaseewann.de\/en\/wp-json\/wp\/v2\/comments?post=7246"}],"version-history":[{"count":15,"href":"https:\/\/www.helgaseewann.de\/en\/wp-json\/wp\/v2\/pages\/7246\/revisions"}],"predecessor-version":[{"id":7790,"href":"https:\/\/www.helgaseewann.de\/en\/wp-json\/wp\/v2\/pages\/7246\/revisions\/7790"}],"wp:attachment":[{"href":"https:\/\/www.helgaseewann.de\/en\/wp-json\/wp\/v2\/media?parent=7246"}],"curies":[{"name":"wp","href":"https:\/\/api.w.org\/{rel}","templated":true}]}}